{"id":28,"date":"2017-01-25T19:35:38","date_gmt":"2017-01-25T18:35:38","guid":{"rendered":"http:\/\/mfc2017.zaske-softwaretechnik.eu\/?page_id=28"},"modified":"2025-10-20T17:55:36","modified_gmt":"2025-10-20T15:55:36","slug":"home","status":"publish","type":"page","link":"https:\/\/www.luftschwaermer.de\/","title":{"rendered":"Home"},"content":{"rendered":"<h3 id=\"mcetoc_1j7ucqs040\"><span style=\"text-decoration: underline;\">F-Schleppwoche 2026<\/span><\/h3>\n<p id=\"mcetoc_1j7ucvghl1\"><span style=\"font-family: arial, helvetica, sans-serif; font-size: 16px;\">Hallo liebe Freunde unserer F-Schleppwochen in Aarbergen Kettenbach.<\/span><br \/>\n<span style=\"font-family: arial, helvetica, sans-serif; font-size: 16px;\">Dieses Jahr wollen wir euch fr\u00fch \u00fcber den Termin 2026 informieren <img decoding=\"async\" src=\"https:\/\/www.luftschwaermer.de\/wp-content\/plugins\/best-editor\/assets\/tinymce-plugins\/emoticons\/img\/smiley-laughing.gif\" alt=\"laughing\"><\/span><\/p>\n<p id=\"mcetoc_1j7ucvghl2\"><span style=\"font-family: arial, helvetica, sans-serif; font-size: 16px;\">Die<strong> F-Schleppwoche 2026<\/strong> findet <strong>vom 22.06 bis 28.06.2026<\/strong> statt !<\/span><br \/>\n<span style=\"font-family: arial, helvetica, sans-serif; font-size: 16px;\">Anreise wie immer ab dem 21.06 m\u00f6glich.<\/span><\/p>\n<p id=\"mcetoc_1j7ucvghl3\"><span style=\"font-family: arial, helvetica, sans-serif; font-size: 16px;\">Wir freuen uns auf ein Wiedersehen !<\/span><\/p>\n<p id=\"mcetoc_1j7ucvghl4\"><span style=\"font-family: arial, helvetica, sans-serif; font-size: 16px;\">Bis dahin, bleibt gesund.<\/span><\/p>\n<p><span style=\"font-family: arial, helvetica, sans-serif; font-size: 16px;\">Eure Luftschw\u00e4rmer Aarbergen Kettenbach<\/span><\/p>\n<h3 id=\"mcetoc_1j8159lcd1\"><\/h3>\n<hr>\n<h3 id=\"mcetoc_1j8159lcd1\">Willkommen neue Mitglieder<\/h3>\n<p>Du bist auf der Suche nach einem tollen Hobby an der frischen Luft, mit vielen netten Menschen, ein bisschen Technik und Handwerk und vor allem einer Menge Spa\u00df? Dann bist du bei den MFSC Luftschw\u00e4rmern aus Aarbergen Kettenbach genau richtig!<\/p>\n<p>Modellflug ist ein tolles Hobby mit einer unglaublichen Vielfalt, denn vom Segelflugzeug bis zum Turbinenjet ist nahezu alles m\u00f6glich was die Fantasie und die Technik erlauben. Vollkommen egal ob du alt oder jung bist, Erfahrung mitbringst oder nicht, bei uns bist du herzlich willkommen. Falls du Interesse hast dir unseren Verein einmal anzuschauen, so melde dich doch gerne bei folgender Adresse: <a href=\"mailto:mfsc@luftschwaermer.de\">mfsc@luftschwaermer.de<\/a>.<br \/>\nFalls du Jugendlicher bist, kannst du dich gerne auch Sonntags vormittags einfach mal auf dem Fluggel\u00e4nde vorbeischauen..<\/p>\n<p>Wir freuen uns auf dich!<\/p>\n<p>Liebe Gr\u00fc\u00dfe<\/p>\n<p>der Vorstand der MFC-Luftschw\u00e4rmer<\/p>\n<hr>\n<h3 id=\"mcetoc_1h5dm0od12\">Modellbau \/ Ruhe und das richtige Werkzeug<\/h3>\n<p>Die Modellbauwelt ist ein weites Feld, das sich dem Einsteiger scheinbar nur schwer erschlie\u00dft. Das muss aber nicht so sein: Wer seine eigenen Anspr\u00fcche zun\u00e4chst bewusst niedrig h\u00e4lt und mit leichten Baus\u00e4tzen beginnt, kann schnell Spass an diesem Hobby entdecken. Am Anfang steht die Frage, ob Einsteiger lieber einfache nicht unbedingt vorbildgetreue Zweckmodelle bauen oder m\u00f6glichst detailgetreue Flugmodelle mit einem originalen Vorbild. Sicherlich sollten hier Einsteiger Zweckmodelle im Vordergund stehen. Nicht zuletzt aus dem Grund das diese Modelle sehr einfache und gutm\u00fctige Flugeigenschaften mit sich bringen, die dem Anf\u00e4nger die Freude am Modell nicht durch unn\u00f6tige Abst\u00fcrze nehmen. Werkzeug braucht man nicht unbedingt viel, wichtig ist ein gut bel\u00fcfteter Raum (kann auch der Esszimmertisch sein ?!), denn die benutzen Kleber und Farben sind nicht immer geruchsfrei.Ein gerades Baubrett, Messer, Wei\u00dfleim, Nadeln, Klemmen geh\u00f6ren zur Grundausstattung. Die heutigen Baus\u00e4tze beinhalten h\u00e4ufig alle zum Bau des Modells notwendigen Teile und Komponenten. Wichtig beim Kauf eines Bausatzes ist auch darauf zu achten das eine m\u00f6glichst ausf\u00fchrliche Bauanleitung im Bausatz enthalten ist. Modellbauer sollten vor allem f\u00fcr Ruhe sorgen, raten erfahrene Bastler. Und sehr viel Geduld ist notwendig, auch wenn Anf\u00e4nger anfangs meist nicht solche Modelle wie die in den Fachzeitschriften abgebildet bauen. Man kann heute mittlerweile zwischen fertig gebauten Modellen (ARF almost ready to fly) und Baus\u00e4tzen w\u00e4hlen. Engagierte Einsteiger sollten es gleich mit einem Bausatz ausprobieren. So lernt der Bastler gleich Technik und Zusammensetzung des Flugmodells und kann nach einem Abstrurz auch selbstst\u00e4ndig reparieren. <strong><em>Im Verein von alten Hasen lernen !<\/em><\/strong> Notwendig ist nat\u00fcrlich auch noch eine Fernsteuerung, Akkus und ein Ladeger\u00e4t. Damit Einsteiger ihr Geld nicht gleich in den Sand setzen, empfiehlt es sich, sich einem Modellflugverein anzuschliessen. Dort kann man Kontakte kn\u00fcpfen und von alten Hasen lernen.<\/p>\n","protected":false},"excerpt":{"rendered":"<p>F-Schleppwoche 2026 Hallo liebe Freunde unserer F-Schleppwochen in Aarbergen Kettenbach. Dieses Jahr wollen wir euch fr\u00fch \u00fcber den Termin 2026 informieren Die F-Schleppwoche 2026 findet vom 22.06 bis 28.06.2026 statt ! Anreise wie immer ab dem 21.06 m\u00f6glich. Wir freuen uns auf ein Wiedersehen ! Bis dahin, bleibt gesund. Eure Luftschw\u00e4rmer Aarbergen Kettenbach Willkommen neue Mitglieder Du bist auf der<\/p>\n","protected":false},"author":1,"featured_media":0,"parent":0,"menu_order":0,"comment_status":"closed","ping_status":"closed","template":"","meta":{"ngg_post_thumbnail":0,"footnotes":""},"class_list":["post-28","page","type-page","status-publish","hentry"],"_links":{"self":[{"href":"https:\/\/www.luftschwaermer.de\/index.php?rest_route=\/wp\/v2\/pages\/28","targetHints":{"allow":["GET"]}}],"collection":[{"href":"https:\/\/www.luftschwaermer.de\/index.php?rest_route=\/wp\/v2\/pages"}],"about":[{"href":"https:\/\/www.luftschwaermer.de\/index.php?rest_route=\/wp\/v2\/types\/page"}],"author":[{"embeddable":true,"href":"https:\/\/www.luftschwaermer.de\/index.php?rest_route=\/wp\/v2\/users\/1"}],"replies":[{"embeddable":true,"href":"https:\/\/www.luftschwaermer.de\/index.php?rest_route=%2Fwp%2Fv2%2Fcomments&post=28"}],"version-history":[{"count":180,"href":"https:\/\/www.luftschwaermer.de\/index.php?rest_route=\/wp\/v2\/pages\/28\/revisions"}],"predecessor-version":[{"id":2366,"href":"https:\/\/www.luftschwaermer.de\/index.php?rest_route=\/wp\/v2\/pages\/28\/revisions\/2366"}],"wp:attachment":[{"href":"https:\/\/www.luftschwaermer.de\/index.php?rest_route=%2Fwp%2Fv2%2Fmedia&parent=28"}],"curies":[{"name":"wp","href":"https:\/\/api.w.org\/{rel}","templated":true}]}}