{"id":1251,"date":"2021-05-23T10:25:49","date_gmt":"2021-05-23T08:25:49","guid":{"rendered":"http:\/\/www.diemodellflieger.de\/?page_id=1251"},"modified":"2025-07-03T20:05:32","modified_gmt":"2025-07-03T18:05:32","slug":"historie","status":"publish","type":"page","link":"https:\/\/www.luftschwaermer.de\/?page_id=1251","title":{"rendered":"Unsere Geschichte"},"content":{"rendered":"<p><img loading=\"lazy\" decoding=\"async\" src=\"https:\/\/www.luftschwaermer.de\/wp-content\/uploads\/2021\/05\/LS_2.jpg\" alt=\"\" width=\"230\" height=\"295\" class=\"alignnone wp-image-1252\" srcset=\"https:\/\/www.luftschwaermer.de\/wp-content\/uploads\/2021\/05\/LS_2.jpg 524w, https:\/\/www.luftschwaermer.de\/wp-content\/uploads\/2021\/05\/LS_2-234x300.jpg 234w\" sizes=\"auto, (max-width: 230px) 100vw, 230px\" \/><\/p>\n<div style=\"float: left; border: none; max-width: 175px;\"><a href=\"http:\/\/www.diemodellflieger.de\/wp-content\/uploads\/2021\/05\/LS_2.jpg\" target=\"_blank\" rel=\"noopener\"><span style=\"font-size: xx-small;\">J\u00fcrgen Kaiser mit selbstgebautem Gleiter<\/span> <\/a><\/div>\n<h2 id=\"mcetoc_1f6c4vtes1\">Einf\u00fchrung<\/h2>\n<p>Modellflug gibt es nachweisbar seit ungef\u00e4hr 200 Jahren, eigentlich zuerst als Entwicklungsschritt der manntragenden Luftfahrt. Die Faszination des Fliegens gilt seitdem auch f\u00fcr uns Modellbauer: etwas schwerer als Luft mit Gehirnschmalz und den eigenen H\u00e4nden bauen, was zumindest eine ordentliche Strecke gleitet (Flug ohne H\u00f6hengewinn).<\/p>\n<div style=\"float: right; border: none; max-width: 350px; margin: 10px;\"><a href=\"http:\/\/www.diemodellflieger.de\/wp-content\/uploads\/2021\/05\/\/LS_1.jpg\" target=\"_blank\" rel=\"noopener\"><img loading=\"lazy\" decoding=\"async\" src=\"https:\/\/www.luftschwaermer.de\/wp-content\/uploads\/2021\/05\/LS_1.jpg\" alt=\"\" width=\"933\" height=\"640\" class=\"alignnone size-full wp-image-1253\" srcset=\"https:\/\/www.luftschwaermer.de\/wp-content\/uploads\/2021\/05\/LS_1.jpg 933w, https:\/\/www.luftschwaermer.de\/wp-content\/uploads\/2021\/05\/LS_1-300x206.jpg 300w, https:\/\/www.luftschwaermer.de\/wp-content\/uploads\/2021\/05\/LS_1-768x527.jpg 768w\" sizes=\"auto, (max-width: 933px) 100vw, 933px\" \/><\/a><br \/>\n<span style=\"font-size: xx-small;\">J\u00fcrgen Kayser, Gustav Baier und&#8230; mit Taxi (vorne) und ?<\/span><\/div>\n<p>Durch das Flugverbot der Nachkriegsjahre trieben viele kluge K\u00f6pfe die Entwicklung des Modellfluges enorm voran. Durch die Erfindung der Proportional-Fernsteuerung (Ruder am Modell folgt exakt dem Kn\u00fcppelausschlag am Sender) vollzog sich ein weiterer bedeutsamer Schritt in unserem Hobby. Aus einer anspruchsvollen Spielerei entstand ein technisch interessanter Freizeitvertreib, der aufgrund seiner Komplexit\u00e4t alleine nur schwer zu bew\u00e4ltigen war.<\/p>\n<h2 id=\"mcetoc_1f6c4vtes2\">Die Anf\u00e4nge<\/h2>\n<p>Nachdem zun\u00e4chst von Einzelnen auf den umliegenden Wiesen des Dorfes modellgeflogen wurde konnte schon 1967 ein Acker gepachtet werden, den man nun f\u00fcr seine Zwecke herrichten konnte. Eine Bahn wurde planiert um mit den motorbetriebenen Modellen mit Fahrwerk ordentlich starten und landen zu k\u00f6nnen.<\/p>\n<p>F\u00fcnf junge M\u00e4nner &#8211; J\u00fcrgen Kaiser, Gustav Baier, Karl Kircher, Willi Birk und Christian Dajka gr\u00fcndeten am 20.02.1970 den MFSC Luftschw\u00e4rmer (<strong>M<\/strong>odell <strong>F<\/strong>lug <strong>S<\/strong>port <strong>C<\/strong>lub) in Kettenbach mit dem Ziel, gemeinsam dieses herausfordernde Hobby zu betreiben.<\/p>\n<p>Eine der ersten Anschaffungen waren zwei Tische mit B\u00e4nken, die bei Flugbetrieb an die Bahn gestellt wurden. Dort wurden die Modelle montiert und nat\u00fcrlich zwischendurch gemeinsam Kaffee getrunken (ein sch\u00f6ner Brauch, bis heute erhalten, nun allerdings etwas komfortabler).<\/p>\n<p>Die ersten damals genutzten Fernsteuerungen waren noch sogenannte TipTip-Anlagen. Je nach Anzahl Tips wurde das Ruder in eine bestimmte Stellung bewegt. Jeder Flug war ein reines Abenteuer, an pr\u00e4zises Steuern war gar nicht zu denken. Nur Modelle mit extrem gutm\u00fctigem Flugverhalten waren beherrschbar, flogen sie dann ungewollt weg, lief man halt hinterher.<\/p>\n<p>Nachdem anfangs vor allem mit Seglern experimentiert wurde, die mittels Seil auf H\u00f6he gezogen oder gar mit einem Motoraufsatz ausgestattet auf H\u00f6he gebracht wurden folgten bald die ersten reinen Motormaschinen.<\/p>\n<p>Dies war ein m\u00fchsames Gesch\u00e4ft, denn in den Anfangszeiten der damals modernen Fernsteuerungen musste aufgrund ihrer technischen Unzuverl\u00e4ssigkeiten mancher Bruch hingenommen und repariert werden. Dabei kam bisweilen auf eine Minute Flug eine Stunde Reparatur. Ein Hobby also nur f\u00fcr Menschen mit grosser Geduld und hoher Ausdauer. Denn konnten die erw\u00e4hnten Segler bei Ausfall der Steuerung noch halbwegs eigenstabil &#8218;landen&#8216; galt das f\u00fcr die Motormodelle nicht mehr. Die mussten permanent gesteuert werden. Fiel die Fernsteuerung aus fiel der Flieger unweigerlich vom Himmel.<\/p>\n<p>Auch die besagten Fahrwerke bereiteten anfangs gro\u00dfe Schwierigkeiten, denn allzugerne knickten sie mangels Stabilit\u00e4t ein, damit zerlegte sich dann auch der Propeller, das wurde teuer.<\/p>\n<p>Erste Versuche im Kunstflug wurden unternommen, bspw. das Modell im R\u00fcckenflug zu steuern, nun erm\u00f6glicht durch das Steuern um alle drei Achsen, wie die grossen Vorbilder. Das war Stress, denn man musste ja schnell umdenken. Das gelang nicht immer: der Pilot &#8218;zog&#8216; gewohnheitsgem\u00e4\u00df und das Modell bohrte sich sofort in den Boden, danach als solches nicht mehr erkennbar.<\/p>\n<h2 id=\"mcetoc_1f6c4vtes3\">70er Jahre<\/h2>\n<div style=\"float: right; border: none; max-width: 350px; padding-left: 8px;\"><img loading=\"lazy\" decoding=\"async\" src=\"https:\/\/www.luftschwaermer.de\/wp-content\/uploads\/2021\/05\/LS_31.jpg\" alt=\"\" width=\"930\" height=\"638\" class=\"alignnone size-full wp-image-1254\" srcset=\"https:\/\/www.luftschwaermer.de\/wp-content\/uploads\/2021\/05\/LS_31.jpg 930w, https:\/\/www.luftschwaermer.de\/wp-content\/uploads\/2021\/05\/LS_31-300x206.jpg 300w, https:\/\/www.luftschwaermer.de\/wp-content\/uploads\/2021\/05\/LS_31-768x527.jpg 768w\" sizes=\"auto, (max-width: 930px) 100vw, 930px\" \/><br \/>\n<span style=\"font-size: xx-small;\">Blick in die Ausstellung mit grosser Modellpalette<\/span><\/div>\n<p>In den Folgejahren liessen die &#8218;Verluste&#8216; allm\u00e4hlich nach. Zuverl\u00e4ssigere Steuerungen, gr\u00f6ssere und leistungsf\u00e4higere Motoren und routiniertere Piloten. Neue Methoden wurden ersonnen, um Segler auf H\u00f6he zu bringen: der Huckepackschlepp. Dazu wurde der Segler auf einen auf der Motormaschine befestigten Aufsatz geschnallt, nach Erreichen ausreichender H\u00f6he l\u00f6ste er sich ferngesteuert. Auch das hatte seine T\u00fccken. Manchem Segler wurde das zu schnell, seine Struktur hielt nicht durch und die F\u00e4chen klappten zusammen (hiess bei uns: in die H\u00e4nde klatschen). Nun bem\u00fchte sich der Motorflieger, die H\u00f6he langsam wieder abzubauen um wenigstens die Reste wieder heil herunterzubringen. Gelang nat\u00fcrlich nicht immer: die Brocken flogen oben schon weg und verteilten sich \u00fcber die Landschaft, manche Suche blieb erfolglos.<\/p>\n<p>Erster Flugtag 1976. Das bedeutete auch damals schon viel Arbeit f\u00fcr die Vereinsmitglieder, wollte man doch ein ansprechendes Programm f\u00fcr die damals noch zahlreichen Besucher zusammenstellen. Dazu wurden auch &#8218;Gastflieger&#8216; eingeladen mit besonders anspruchsvollen Modellen, die dann atemberaubende Fl\u00fcge vorf\u00fchren sollten. Nat\u00fcrlich wurden auch W\u00fcrstchen, Kuchen und Getr\u00e4nke angeboten.<br \/>\nLeider hatte Petrus kein Einsehen.<\/p>\n<div style=\"float: left; border: none; max-width: 350px; padding-right: 8px;\"><a href=\"http:\/\/www.diemodellflieger.de\/wp-content\/uploads\/2021\/05\/LS_35.jpg\" target=\"_blank\" rel=\"noopener\"><img loading=\"lazy\" decoding=\"async\" src=\"https:\/\/www.luftschwaermer.de\/wp-content\/uploads\/2021\/05\/LS_35.jpg\" alt=\"\" width=\"614\" height=\"511\" class=\"alignnone size-full wp-image-1255\" srcset=\"https:\/\/www.luftschwaermer.de\/wp-content\/uploads\/2021\/05\/LS_35.jpg 614w, https:\/\/www.luftschwaermer.de\/wp-content\/uploads\/2021\/05\/LS_35-300x250.jpg 300w\" sizes=\"auto, (max-width: 614px) 100vw, 614px\" \/><\/a><br \/>\n<span style=\"font-size: xx-small;\">Blick auf die Vereinsh\u00fctte mit Flugplatz-Windsack von S\u00fcdwesten<\/span><\/div>\n<p>In diesen Zeiten waren Kinder und Jugendliche f\u00fcr Modellflug noch zahlreich zu begeistern. P\u00e4dagogisch sinnvoll, denn sie lernten Aerodynamik, Umgang mit Holz, mit Motoren, mit Elektronik, was eine Batterie macht, sie lernten Gemeinschaft im Verein und interessierten sich auch schon f\u00fcr das Wetter. Das galt es zu f\u00f6rdern. Die Fa. UHU sponsorte Jugendwettbewerbe mit dem ber\u00fchmten &#8218;Der kleine Uhu&#8216;, einem einfach zu bauenden Gleiter aus viel Balsa und ein bisschen Sperrholz im praktischen Schnellbaukasten. Die Fl\u00e4chen wurden mit Papier bespannt, mitunter sogar lackiert. Es gab tolle Preise f\u00fcr die Besten. Auch unser Verein f\u00fchrte dank einzelner Mitglieder solche Wettbewerbe durch, die damals noch bis zu 50 Kinder auf die Bahn brachten.<\/p>\n<p><!--\n\n\n<div style=\"float:left;border:none;max-width:450px;\"><img decoding=\"async\" src=\"http:\/\/www.diemodellflieger.de\/wp-content\/uploads\/2021\/05\/LS_30.jpg\" style=\"border:none;width:90%;padding-right:10%;\" \/>\n<span style=\"font-size:xx-small;-small;\">Akteure einer Ausstellung, rechts J\u00fcrgen Kaiser und Gustav Baier<\/span><\/div>\n\n\n--><\/p>\n<p>Ausstellungen verfolgten den Zweck, unser sch\u00f6nes Hobby einer breiteren \u00d6ffentlichkeit vorzustellen. Dazu bot sich Gelegenheit in den damals gerade neu errichteten Dorf-Gemeinschaftshallen. Auch unser Verein war aktiv und hat so einen sch\u00f6nen Einblick in unser Hobby erm\u00f6glicht.<\/p>\n<p>Die erste Vereinsh\u00fctte entstand im Jahre 1972. Sie bot schon einen gewissen Luxus: Schutz vor Regen, Lagerm\u00f6glichkeiten, Kaffeemaschine, K\u00fchlschrank und viele andere sch\u00f6ne Annehmlichkeiten. Immerhin hatte der Verein jetzt schon 15 Mitglieder.<\/p>\n<p>1973 schon wurde der Wanderpokal zwischen den Vereinen aus Miehlen, Kirberg, Strinz-Trinitatis und Kettenbach ins Leben gerufen, um den bis heute j\u00e4hrlich einmal gek\u00e4mpft wird und der wohl die meiste Zeit &#8217;seines Lebens&#8216; in unserer Vitrine verbracht hat.<\/p>\n<h2 id=\"mcetoc_1f6c4vtes4\">80er Jahre<\/h2>\n<p>Modellbauer sind eifrige T\u00fcftler und haben immer so manche Entwicklung bef\u00f6rdert. Sch\u00f6nes Beispiel: der Elektroflug. Als die ersten preisg\u00fcnstigen Elektromotore auf den Markt kamen, wurde viel experimentiert, wie man Modelle so ausr\u00fcsten und vern\u00fcnftig fliegen konnte. Akkus waren oft zu schwer, die Motorleistung anfangs meist zu schwach. Das heute selbstverst\u00e4ndliche Elektrofliegen &#8211; umweltfreundlich und leise &#8211; ist ma\u00dfgeblich von Modellfliegern selbst zu Wege gebracht worden. Mit dem unsch\u00e4tzbaren Vorteil, angesichts nicht zu verachtender L\u00e4rmbel\u00e4stigung durch Verbrennungsmotore nun mit leiser Motorkraft modellfliegen zu k\u00f6nnen, sogar in den sonnt\u00e4glichen Mittagspausen. Wieder einmal Modellflug als Wegbereiter, heute werden die ersten manntragenden Luftfahrzeuge mit Elektoantrieb erfolgreich getestet.<\/p>\n<p>Die Luftschw\u00e4rmer als Luftschiffer. Wieder einmal grosse Experimentierfreude hatte unser Mitglied Karl Kircher auf die Idee gebracht, sich dem Luftschiffbau zuzuwenden. Wie man sich vorstellen kann ein schwieriges Unterfangen, gab es doch noch keinerlei Vorreiter im Bau ferngesteuerter Luftschiffe. Das Gef\u00e4hrt wurde riesig und absolvierte einige sehr sch\u00f6ne Fahrten, bis an einem recht windigen Tag die Motorenkraft nicht ausreichte, das Schiff zum Platz zur\u00fcckzusteuern. Man sah es dann in weiter Ferne entschwinden.<\/p>\n<h2 id=\"mcetoc_1flgavvks0\"><img loading=\"lazy\" decoding=\"async\" src=\"https:\/\/www.luftschwaermer.de\/wp-content\/uploads\/2021\/11\/Bild1.png\" alt=\"\" width=\"798\" height=\"829\" class=\"alignnone wp-image-1334 size-full\" srcset=\"https:\/\/www.luftschwaermer.de\/wp-content\/uploads\/2021\/11\/Bild1.png 798w, https:\/\/www.luftschwaermer.de\/wp-content\/uploads\/2021\/11\/Bild1-289x300.png 289w, https:\/\/www.luftschwaermer.de\/wp-content\/uploads\/2021\/11\/Bild1-768x798.png 768w\" sizes=\"auto, (max-width: 798px) 100vw, 798px\" \/><\/h2>\n<p><img loading=\"lazy\" decoding=\"async\" src=\"https:\/\/www.luftschwaermer.de\/wp-content\/uploads\/2021\/11\/Bild2.png\" alt=\"\" width=\"353\" height=\"312\" class=\"alignnone wp-image-1333 size-full\" srcset=\"https:\/\/www.luftschwaermer.de\/wp-content\/uploads\/2021\/11\/Bild2.png 353w, https:\/\/www.luftschwaermer.de\/wp-content\/uploads\/2021\/11\/Bild2-300x265.png 300w\" sizes=\"auto, (max-width: 353px) 100vw, 353px\" \/><\/p>\n<p><img loading=\"lazy\" decoding=\"async\" src=\"https:\/\/www.luftschwaermer.de\/wp-content\/uploads\/2021\/11\/Bild3.png\" alt=\"\" width=\"430\" height=\"453\" class=\"alignnone wp-image-1332 size-full\" srcset=\"https:\/\/www.luftschwaermer.de\/wp-content\/uploads\/2021\/11\/Bild3.png 430w, https:\/\/www.luftschwaermer.de\/wp-content\/uploads\/2021\/11\/Bild3-285x300.png 285w\" sizes=\"auto, (max-width: 430px) 100vw, 430px\" \/><\/p>\n<h2 id=\"mcetoc_1f6c4vtet5\">90er Jahre<\/h2>\n<p>Leider ohne Bilder, die Entwicklung ging aber unaufhaltsam weiter. Ein ehrgeiziges Projekt war ein Schwenkfl\u00fcgler. Trotz sauberster Bauausf\u00fchrung war es dem Konstrukteur nicht verg\u00f6nnt, das Luftfahrzeug sicher zu steuern. Das gelang nur einem unserer Versiertesten, unserem Rudi Wagner. Das Problem ist der wandernde Schwerpunkt beim Vor- oder Zur\u00fcck-Schwenken der Fl\u00fcgel. Das erfordert fliegerisch allergr\u00f6\u00dfte Routine.<\/p>\n<p><img loading=\"lazy\" decoding=\"async\" src=\"https:\/\/www.luftschwaermer.de\/wp-content\/uploads\/2021\/11\/Bild4.png\" alt=\"\" width=\"523\" height=\"823\" class=\"alignnone wp-image-1331 size-full\" srcset=\"https:\/\/www.luftschwaermer.de\/wp-content\/uploads\/2021\/11\/Bild4.png 523w, https:\/\/www.luftschwaermer.de\/wp-content\/uploads\/2021\/11\/Bild4-191x300.png 191w\" sizes=\"auto, (max-width: 523px) 100vw, 523px\" \/><\/p>\n<p><img loading=\"lazy\" decoding=\"async\" src=\"https:\/\/www.luftschwaermer.de\/wp-content\/uploads\/2021\/11\/Bild5.png\" alt=\"\" width=\"638\" height=\"677\" class=\"alignnone wp-image-1330 size-full\" srcset=\"https:\/\/www.luftschwaermer.de\/wp-content\/uploads\/2021\/11\/Bild5.png 638w, https:\/\/www.luftschwaermer.de\/wp-content\/uploads\/2021\/11\/Bild5-283x300.png 283w\" sizes=\"auto, (max-width: 638px) 100vw, 638px\" \/><\/p>\n<p>&nbsp;<\/p>\n<p>Heute<\/p>\n<p><!--\n\n\n<div style=\"float:left;border:none;max-width:350px;padding-right:8px;\"><a href=\"http:\/\/www.diemodellflieger.de\/wp-content\/uploads\/2021\/05\/LS_77.png\" target=\"_blank\" rel=\"noopener\"><img decoding=\"async\" src=\"http:\/\/www.diemodellflieger.de\/wp-content\/uploads\/2021\/05\/LS_77.png\" style=\"border:none;width:95%;\" \/><\/a>\n<span style=\"font-size:xx-small;-small;\">Geselligkeit grossgeschrieben<\/span><\/div>\n\n\n--><\/p>\n<h3 style=\"border: none; width: 100%; text-align: center;\" id=\"mcetoc_1idjgqdg70\"><a href=\"http:\/\/www.diemodellflieger.de\/wp-content\/uploads\/2021\/05\/LS_78.png\" target=\"_blank\" rel=\"noopener\"><\/a><img loading=\"lazy\" decoding=\"async\" src=\"https:\/\/www.luftschwaermer.de\/wp-content\/uploads\/2021\/05\/LS_77.png\" alt=\"\" width=\"351\" height=\"241\" class=\"wp-image-1256 alignleft\" srcset=\"https:\/\/www.luftschwaermer.de\/wp-content\/uploads\/2021\/05\/LS_77.png 773w, https:\/\/www.luftschwaermer.de\/wp-content\/uploads\/2021\/05\/LS_77-300x206.png 300w, https:\/\/www.luftschwaermer.de\/wp-content\/uploads\/2021\/05\/LS_77-768x528.png 768w\" sizes=\"auto, (max-width: 351px) 100vw, 351px\" \/><\/h3>\n<h3 style=\"border: none; width: 100%; text-align: center;\" id=\"mcetoc_1idjgrh150\">F-Schleppwochen<\/h3>\n<p>Sicherlich einer der gr\u00f6ssten Erfolge der Luftschw\u00e4rmer ist die Organisation der seit vielen Jahren stattfindenden j\u00e4hrlichen Schleppwochen, die unseren Verein und damit auch Kettenbach in halb Europa bekannt gemacht haben.<br \/>\nSieben Tage lang schleppen begeisterte Motorpiloten eine stattliche Zahl von Gro\u00dfmodellflugseglern an einer ca. drei\u00dfig Meter langen Leine auf H\u00f6hen zwischen dreihundert und vierhundert Metern \u00fcber Grund. Die Segler klinken ferngesteuert aus und begeben sich auf Thermiksuche. In den warmen Aufwinden sind so Fl\u00fcge von manchmal mehr als einer Stunde m\u00f6glich.<\/p>\n<p><img loading=\"lazy\" decoding=\"async\" src=\"https:\/\/www.luftschwaermer.de\/wp-content\/uploads\/2021\/05\/LS_79.png\" alt=\"\" width=\"1024\" height=\"576\" class=\"alignnone size-full wp-image-1257\" srcset=\"https:\/\/www.luftschwaermer.de\/wp-content\/uploads\/2021\/05\/LS_79.png 1024w, https:\/\/www.luftschwaermer.de\/wp-content\/uploads\/2021\/05\/LS_79-300x169.png 300w, https:\/\/www.luftschwaermer.de\/wp-content\/uploads\/2021\/05\/LS_79-768x432.png 768w\" sizes=\"auto, (max-width: 1024px) 100vw, 1024px\" \/><br \/>\nDank der M\u00f6glichkeit zum Campen und einiger hervorragender K\u00f6chinnen und K\u00f6che unter den Modellfliegern verbringen alle wundersch\u00f6ne Tage auf dem Platz und an Tagen ergiebiger Thermik sieht man abends nur gl\u00fcckliche Gesichter in geselliger Runde.<br \/>\nVon den meisten Treffen findet man sehr sch\u00f6ne <a href=\"http:\/\/www.diemodellflieger.de\/?p=52\" target=\"_blank\" rel=\"noopener\">Bilder<\/a> auf unserer Homepage.<\/p>\n<h2 id=\"mcetoc_1iv4nheb90\">2024<\/h2>\n<h2 id=\"mcetoc_1iv4nhju02\"><img loading=\"lazy\" decoding=\"async\" src=\"https:\/\/www.luftschwaermer.de\/wp-content\/uploads\/2025\/07\/FS2024.png\" alt=\"\" width=\"941\" height=\"926\" class=\"alignnone size-full wp-image-2301\" srcset=\"https:\/\/www.luftschwaermer.de\/wp-content\/uploads\/2025\/07\/FS2024.png 941w, https:\/\/www.luftschwaermer.de\/wp-content\/uploads\/2025\/07\/FS2024-300x295.png 300w, https:\/\/www.luftschwaermer.de\/wp-content\/uploads\/2025\/07\/FS2024-768x756.png 768w, https:\/\/www.luftschwaermer.de\/wp-content\/uploads\/2025\/07\/FS2024-90x90.png 90w, https:\/\/www.luftschwaermer.de\/wp-content\/uploads\/2025\/07\/FS2024-75x75.png 75w\" sizes=\"auto, (max-width: 941px) 100vw, 941px\" \/>&nbsp;<\/h2>\n<h2 id=\"mcetoc_1iv4nhejd1\">2025<\/h2>\n<p><img loading=\"lazy\" decoding=\"async\" src=\"https:\/\/www.luftschwaermer.de\/wp-content\/uploads\/2025\/07\/FS2025-998x1024.jpg\" alt=\"\" width=\"860\" height=\"882\" class=\"alignnone size-large wp-image-2306\" srcset=\"https:\/\/www.luftschwaermer.de\/wp-content\/uploads\/2025\/07\/FS2025-998x1024.jpg 998w, https:\/\/www.luftschwaermer.de\/wp-content\/uploads\/2025\/07\/FS2025-293x300.jpg 293w, https:\/\/www.luftschwaermer.de\/wp-content\/uploads\/2025\/07\/FS2025-768x788.jpg 768w, https:\/\/www.luftschwaermer.de\/wp-content\/uploads\/2025\/07\/FS2025.jpg 1248w\" sizes=\"auto, (max-width: 860px) 100vw, 860px\" \/><\/p>\n<h2 id=\"mcetoc_1f6c4vtet7\">Jugendgruppe<\/h2>\n<p>Immer schon waren die Luftschw\u00e4rmer um den Nachwuchs bem\u00fcht und dies zahlt sich bis heute aus. Mit zehn Jugendlichen stellt der Verein weit und breit die gr\u00f6sste Modellflug-Jugendgruppe. Dank guter Ausbildung und teils grossem Ehrgeiz r\u00e4umen die Herren dann gerne bei Wettbewerben Pokale ab. Der p\u00e4dagogische Effekt ist sehr hoch, denn der Umgang mit Aerodynamik, Frequenz- und Elektrotechnik, Mechanik, Materialkunde (Kunststoff, Holz, Metall etc.), Meteorologie und vieles mehr schafft wertvolle Vorkenntnisse f\u00fcr die Schule.<br \/>\nUnd \u00fcbrigens: M\u00e4dchen sind auch willkommen. Die Damen haben oft geschickte H\u00e4nde, ein unsch\u00e4tzbarer Vorteil in unserem Hobby.<\/p>\n<h2 id=\"mcetoc_1f6c4vtet8\">Kettenbach<\/h2>\n<p>Was w\u00e4ren die Luftschw\u00e4rmer ohne die Kettenbacher &#8211; nix. Die hohe Akzeptanz erfahren wir aber nicht nur durch die vielen Spazierg\u00e4nger, die an unserem Platz vorbeikommen und f\u00fcr ein Schw\u00e4tzchen verweilen. Sch\u00f6n zu sehen auch, wenn der Ein oder Andere die Aussicht geniesst, sich auf die Bank setzt und sonnt, wenn kein Flugbetrieb herrscht. Nat\u00fcrlich wollen wir das so erhalten, deshalb werden die Mittagspausen immer strengstens eingehalten.<\/p>\n","protected":false},"excerpt":{"rendered":"<p>J\u00fcrgen Kaiser mit selbstgebautem Gleiter Einf\u00fchrung Modellflug gibt es nachweisbar seit ungef\u00e4hr 200 Jahren, eigentlich zuerst als Entwicklungsschritt der manntragenden Luftfahrt. Die Faszination des Fliegens gilt seitdem auch f\u00fcr uns Modellbauer: etwas schwerer als Luft mit Gehirnschmalz und den eigenen H\u00e4nden bauen, was zumindest eine ordentliche Strecke gleitet (Flug ohne H\u00f6hengewinn). J\u00fcrgen Kayser, Gustav Baier und&#8230; mit Taxi (vorne) und<\/p>\n","protected":false},"author":4,"featured_media":0,"parent":0,"menu_order":0,"comment_status":"closed","ping_status":"closed","template":"","meta":{"ngg_post_thumbnail":0,"footnotes":""},"class_list":["post-1251","page","type-page","status-publish","hentry"],"_links":{"self":[{"href":"https:\/\/www.luftschwaermer.de\/index.php?rest_route=\/wp\/v2\/pages\/1251","targetHints":{"allow":["GET"]}}],"collection":[{"href":"https:\/\/www.luftschwaermer.de\/index.php?rest_route=\/wp\/v2\/pages"}],"about":[{"href":"https:\/\/www.luftschwaermer.de\/index.php?rest_route=\/wp\/v2\/types\/page"}],"author":[{"embeddable":true,"href":"https:\/\/www.luftschwaermer.de\/index.php?rest_route=\/wp\/v2\/users\/4"}],"replies":[{"embeddable":true,"href":"https:\/\/www.luftschwaermer.de\/index.php?rest_route=%2Fwp%2Fv2%2Fcomments&post=1251"}],"version-history":[{"count":16,"href":"https:\/\/www.luftschwaermer.de\/index.php?rest_route=\/wp\/v2\/pages\/1251\/revisions"}],"predecessor-version":[{"id":2307,"href":"https:\/\/www.luftschwaermer.de\/index.php?rest_route=\/wp\/v2\/pages\/1251\/revisions\/2307"}],"wp:attachment":[{"href":"https:\/\/www.luftschwaermer.de\/index.php?rest_route=%2Fwp%2Fv2%2Fmedia&parent=1251"}],"curies":[{"name":"wp","href":"https:\/\/api.w.org\/{rel}","templated":true}]}}